{"id":11,"date":"2019-02-10T19:29:27","date_gmt":"2019-02-10T19:29:27","guid":{"rendered":"http:\/\/stemple.info.pl\/?page_id=11"},"modified":"2020-10-08T07:44:21","modified_gmt":"2020-10-08T07:44:21","slug":"o-nas","status":"publish","type":"page","link":"https:\/\/stemple.info.pl\/","title":{"rendered":"O nas"},"content":{"rendered":"\n<h1>O NAS<\/h1>\n\n\n\n<p><strong>Pocz\u0105tki zak\u0142adu datuj\u0119 si\u0119 na 1956 r.<\/strong>&nbsp; kiedy to nasz ojciec, dziadek: Tadeusz Wierzbicki, zecer z Toru\u0144skiej Wytw\u00f3rni Zabawek postanowi\u0142 rozpocz\u0105\u0107 w\u0142asny biznes. Wraz ze wsp\u00f3lnikiem Janem W\u0142\u00f3darskim rozpocz\u0119li swoj\u0105 dzia\u0142alno\u015b\u0107 w lokalu pod nr 6 przy placu Mariana Rapackiego w Toruniu, by po nied\u0142ugim czasie przenie\u015b\u0107 go do kamienicy nr 5, gdzie do dnia dzisiejszego prowadzona jest pracownia. Z biegiem lat do zak\u0142adu do\u0142\u0105czyli jego synowie. Starszy Zbigniew oraz m\u0142odszy Marian. Przez lata stemple wykonywane by\u0142y przez r\u0119czne sk\u0142adnie czcionek, nast\u0119pnie robi\u0142o si\u0119 z przygotowanej formy odlew z gipsu by nast\u0119pnie z tej formy zwulkanizowa\u0107 gum\u0119. Prze\u0142om nast\u0105pi\u0142 wraz z er\u0105 powszechnego pojawienia si\u0119 komputer\u00f3w na pocz\u0105tku lat 90 ubieg\u0142ego wieku. Technologia polimerowa zdominowa\u0142a \u00f3wczesny rynek wyrob\u00f3w stemplarskich, w wielu zak\u0142adach go\u015bci do dnia dzisiejszego. Obecnie do tego celu najcz\u0119\u015bciej wykorzystuje si\u0119 technologi\u0119 grawerowania laserowego.<\/p>\n\n\n\n<figure class=\"wp-block-image\"><img loading=\"lazy\" width=\"1024\" height=\"768\" src=\"http:\/\/stemple.info.pl\/wp-content\/uploads\/2020\/10\/pieczatki_torun-1024x768.jpg\" alt=\"\" class=\"wp-image-104\" srcset=\"https:\/\/stemple.info.pl\/wp-content\/uploads\/2020\/10\/pieczatki_torun-1024x768.jpg 1024w, https:\/\/stemple.info.pl\/wp-content\/uploads\/2020\/10\/pieczatki_torun-300x225.jpg 300w, https:\/\/stemple.info.pl\/wp-content\/uploads\/2020\/10\/pieczatki_torun-768x576.jpg 768w\" sizes=\"(max-width: 1024px) 100vw, 1024px\" \/><figcaption>Piecz\u0105tki Toru\u0144<\/figcaption><\/figure>\n","protected":false},"excerpt":{"rendered":"<p>O NAS Pocz\u0105tki zak\u0142adu datuj\u0119 si\u0119 na 1956 r.&nbsp; kiedy to nasz ojciec, dziadek: Tadeusz Wierzbicki, zecer z Toru\u0144skiej Wytw\u00f3rni Zabawek postanowi\u0142 rozpocz\u0105\u0107 w\u0142asny biznes. Wraz ze wsp\u00f3lnikiem Janem W\u0142\u00f3darskim rozpocz\u0119li swoj\u0105 dzia\u0142alno\u015b\u0107 w lokalu pod nr 6 przy placu Mariana Rapackiego w Toruniu, by po nied\u0142ugim czasie przenie\u015b\u0107 go do kamienicy nr 5, gdzie [&hellip;]<\/p>\n","protected":false},"author":1,"featured_media":0,"parent":0,"menu_order":0,"comment_status":"closed","ping_status":"closed","template":"","meta":[],"_links":{"self":[{"href":"https:\/\/stemple.info.pl\/index.php?rest_route=\/wp\/v2\/pages\/11"}],"collection":[{"href":"https:\/\/stemple.info.pl\/index.php?rest_route=\/wp\/v2\/pages"}],"about":[{"href":"https:\/\/stemple.info.pl\/index.php?rest_route=\/wp\/v2\/types\/page"}],"author":[{"embeddable":true,"href":"https:\/\/stemple.info.pl\/index.php?rest_route=\/wp\/v2\/users\/1"}],"replies":[{"embeddable":true,"href":"https:\/\/stemple.info.pl\/index.php?rest_route=%2Fwp%2Fv2%2Fcomments&post=11"}],"version-history":[{"count":6,"href":"https:\/\/stemple.info.pl\/index.php?rest_route=\/wp\/v2\/pages\/11\/revisions"}],"predecessor-version":[{"id":106,"href":"https:\/\/stemple.info.pl\/index.php?rest_route=\/wp\/v2\/pages\/11\/revisions\/106"}],"wp:attachment":[{"href":"https:\/\/stemple.info.pl\/index.php?rest_route=%2Fwp%2Fv2%2Fmedia&parent=11"}],"curies":[{"name":"wp","href":"https:\/\/api.w.org\/{rel}","templated":true}]}}